{"id":12024,"date":"2024-03-15T23:15:10","date_gmt":"2024-03-15T22:15:10","guid":{"rendered":"https:\/\/caid.cd\/?page_id=12024"},"modified":"2024-03-16T01:47:49","modified_gmt":"2024-03-16T00:47:49","slug":"haut-lomami-2","status":"publish","type":"page","link":"https:\/\/caid.cd\/?page_id=12024","title":{"rendered":"HAUT-LOMAMI"},"content":{"rendered":"\n<label for=\"prov\" style=\"font-family:'Roboto';font-weight:bold;font-size:15px;color:#003163;\">CHOISISSEZ LA\n        PROVINCE:<\/label>\n\n    <select name=\"prov\" id=\"prov\" style=\"padding:5px;border:none;\">\n        <option value=\"\">&#8211;Choisissez la province&#8211;<\/option>\n        <option value=\"Bas-Uele\">Bas-Uele<\/option>\n        <option value=\"\u00c9quateur\">\u00c9quateur<\/option>\n        <option value=\"Haut-Katanga\">Haut-Katanga<\/option>\n        <option value=\"Haut-Lomami\">Haut-Lomami<\/option>\n        <option value=\"Haut-Uele\">Haut-Uele<\/option>\n        <option value=\"Ituri\">Ituri<\/option>\n        <option value=\"Kasa\u00ef\">Kasa\u00ef<\/option>\n        <option value=\"Kasa\u00ef central\">Kasa\u00ef central<\/option>\n        <option value=\"Kasa\u00ef oriental\">Kasa\u00ef oriental<\/option>\n        <option value=\"Kongo-Central\">Kongo-Central<\/option>\n        <option value=\"Kwango\">Kwango<\/option>\n        <option value=\"Kwilu\">Kwilu<\/option>\n        <option value=\"Lomami\">Lomami<\/option>\n        <option value=\"Lualaba\">Lualaba<\/option>\n        <option value=\"Mai-Ndombe\">Mai-Ndombe<\/option>\n        <option value=\"Maniema\">Maniema<\/option>\n        <option value=\"Mongala\">Mongala<\/option>\n        <option value=\"Nord-Kivu\">Nord-Kivu<\/option>\n        <option value=\"Nord-Ubangi\">Nord-Ubangi<\/option>\n        <option value=\"Sankuru\">Sankuru<\/option>\n        <option value=\"Sud-Kivu\">Sud-Kivu<\/option>\n        <option value=\"Sud-Ubangi\">Sud-Ubangi<\/option>\n        <option value=\"Tanganyika\">Tanganyika<\/option>\n        <option value=\"Tshopo\">Tshopo<\/option>\n        <option value=\"Tshuapa\">Tshuapa<\/option>\n        <option value=\"Kinshasa\">Kinshasa<\/option>\n    <\/select>\n    <Button class=\"aff btn btn-warning\">AFFICHER<\/Button>\n    <div class=\"pap\"><\/div>\n    \n  \n\n    <script type=\"text\/javascript\" language=\"javascript\">\n  \n        function encode_utf8(s) {\n            return unescape(encodeURIComponent(s));\n        }\n\n        function decode_utf8(s) {\n            return decodeURIComponent(escape(s));\n        }\n       \n       var prov = (jQuery('#prov').val()).toLowerCase();\n       \n\n\n        jQuery.getJSON(\"https:\/\/caid.cd\/pap.php?province=Haut-Lomami\", function (data) {\n\n            prov = \"Haut-Lomami\";\n\n            jQuery.each(data, function (key, val) {\n                jQuery('.pap').html('');\n                jQuery('.pap').append(decode_utf8(data[key]['section1']));\n                jQuery('.pap').append(decode_utf8(data[key]['section2']));\n                jQuery('.pap').append(decode_utf8(data[key]['section3']));\n                jQuery('.pap').append(decode_utf8(data[key]['section4']));\n                jQuery('.pap').append(decode_utf8(data[key]['section5']));\n                jQuery('.pap').append(decode_utf8(data[key]['section6']));\n                jQuery('.pap').append(decode_utf8(data[key]['section7']));\n                jQuery('.pap').append(decode_utf8(data[key]['section8']));\n\n            });\n\n\n        });\n        \n          jQuery.getJSON(\"https:\/\/caid.cd\/fit_province.php?province=Haut-Lomami\", function (data) {\n\n            jQuery.each(data, function (key, val) {\n\n                jQuery('#ter').append('<option>' + decode_utf8(data[key]['territoire']) + '<\/option>');\n\n            });\n\n\n        });\n        \n        \n\n        jQuery('.aff').click(function () {\n            var prov = (jQuery('#prov').val()).toLowerCase();\n           \n            jQuery.getJSON(\"https:\/\/caid.cd\/pap.php?province=\" + prov, function (data) {\n\n                jQuery.each(data, function (key, val) {\n                    jQuery('.pap').html('');\n                    jQuery('.pap').append(decode_utf8(data[key]['section1']));\n                    jQuery('.pap').append(decode_utf8(data[key]['section2']));\n                    jQuery('.pap').append(decode_utf8(data[key]['section3']));\n                    jQuery('.pap').append(decode_utf8(data[key]['section4']));\n                    jQuery('.pap').append(decode_utf8(data[key]['section5']));\n                    jQuery('.pap').append(decode_utf8(data[key]['section6']));\n                    jQuery('.pap').append(decode_utf8(data[key]['section7']));\n                    jQuery('.pap').append(decode_utf8(data[key]['section8']));\n\n                });\n\n\n            });\n            jQuery.getJSON(\"https:\/\/caid.cd\/fit_province.php?province=\"+ prov, function (data) {\n\n            jQuery.each(data, function (key, val) {\n\n                jQuery('#ter').append('<option>' + decode_utf8(data[key]['territoire']) + '<\/option>');\n\n            });\n\n\n        });\n       \n        });\n        \n\n \n    <\/script>\n","protected":false},"excerpt":{"rendered":"<p>CHOISISSEZ LA PROVINCE: &#8211;Choisissez la province&#8211;Bas-Uele\u00c9quateurHaut-KatangaHaut-LomamiHaut-UeleIturiKasa\u00efKasa\u00ef centralKasa\u00ef orientalKongo-CentralKwangoKwiluLomamiLualabaMai-NdombeManiemaMongalaNord-KivuNord-UbangiSankuruSud-KivuSud-UbangiTanganyikaTshopoTshuapaKinshasa AFFICHER<\/p>\n","protected":false},"author":1,"featured_media":0,"parent":0,"menu_order":0,"comment_status":"closed","ping_status":"closed","template":"","meta":{"footnotes":""},"class_list":["post-12024","page","type-page","status-publish","hentry"],"yoast_head":"<!-- This site is optimized with the Yoast SEO plugin v27.3 - https:\/\/yoast.com\/product\/yoast-seo-wordpress\/ -->\n<title>HAUT-LOMAMI -<\/title>\n<meta name=\"robots\" content=\"index, follow, max-snippet:-1, max-image-preview:large, max-video-preview:-1\" \/>\n<link rel=\"canonical\" href=\"https:\/\/caid.cd\/?page_id=12024\" \/>\n<meta property=\"og:locale\" content=\"fr_FR\" \/>\n<meta property=\"og:type\" content=\"article\" \/>\n<meta property=\"og:title\" content=\"HAUT-LOMAMI -\" \/>\n<meta property=\"og:description\" content=\"CHOISISSEZ LA PROVINCE: &#8211;Choisissez la province&#8211;Bas-Uele\u00c9quateurHaut-KatangaHaut-LomamiHaut-UeleIturiKasa\u00efKasa\u00ef centralKasa\u00ef orientalKongo-CentralKwangoKwiluLomamiLualabaMai-NdombeManiemaMongalaNord-KivuNord-UbangiSankuruSud-KivuSud-UbangiTanganyikaTshopoTshuapaKinshasa AFFICHER\" \/>\n<meta property=\"og:url\" content=\"https:\/\/caid.cd\/?page_id=12024\" \/>\n<meta property=\"article:modified_time\" content=\"2024-03-16T00:47:49+00:00\" \/>\n<meta name=\"twitter:card\" content=\"summary_large_image\" \/>\n<meta name=\"twitter:label1\" content=\"Dur\u00e9e de lecture estim\u00e9e\" \/>\n\t<meta name=\"twitter:data1\" content=\"1 minute\" \/>\n<script type=\"application\/ld+json\" class=\"yoast-schema-graph\">{\"@context\":\"https:\\\/\\\/schema.org\",\"@graph\":[{\"@type\":\"WebPage\",\"@id\":\"https:\\\/\\\/caid.cd\\\/?page_id=12024\",\"url\":\"https:\\\/\\\/caid.cd\\\/?page_id=12024\",\"name\":\"HAUT-LOMAMI -\",\"isPartOf\":{\"@id\":\"https:\\\/\\\/caid.cd\\\/#website\"},\"datePublished\":\"2024-03-15T22:15:10+00:00\",\"dateModified\":\"2024-03-16T00:47:49+00:00\",\"breadcrumb\":{\"@id\":\"https:\\\/\\\/caid.cd\\\/?page_id=12024#breadcrumb\"},\"inLanguage\":\"fr-FR\",\"potentialAction\":[{\"@type\":\"ReadAction\",\"target\":[\"https:\\\/\\\/caid.cd\\\/?page_id=12024\"]}]},{\"@type\":\"BreadcrumbList\",\"@id\":\"https:\\\/\\\/caid.cd\\\/?page_id=12024#breadcrumb\",\"itemListElement\":[{\"@type\":\"ListItem\",\"position\":1,\"name\":\"Accueil\",\"item\":\"https:\\\/\\\/caid.cd\\\/\"},{\"@type\":\"ListItem\",\"position\":2,\"name\":\"HAUT-LOMAMI\"}]},{\"@type\":\"WebSite\",\"@id\":\"https:\\\/\\\/caid.cd\\\/#website\",\"url\":\"https:\\\/\\\/caid.cd\\\/\",\"name\":\"\",\"description\":\"\",\"potentialAction\":[{\"@type\":\"SearchAction\",\"target\":{\"@type\":\"EntryPoint\",\"urlTemplate\":\"https:\\\/\\\/caid.cd\\\/?s={search_term_string}\"},\"query-input\":{\"@type\":\"PropertyValueSpecification\",\"valueRequired\":true,\"valueName\":\"search_term_string\"}}],\"inLanguage\":\"fr-FR\"}]}<\/script>\n<!-- \/ Yoast SEO plugin. -->","yoast_head_json":{"title":"HAUT-LOMAMI -","robots":{"index":"index","follow":"follow","max-snippet":"max-snippet:-1","max-image-preview":"max-image-preview:large","max-video-preview":"max-video-preview:-1"},"canonical":"https:\/\/caid.cd\/?page_id=12024","og_locale":"fr_FR","og_type":"article","og_title":"HAUT-LOMAMI -","og_description":"CHOISISSEZ LA PROVINCE: &#8211;Choisissez la province&#8211;Bas-Uele\u00c9quateurHaut-KatangaHaut-LomamiHaut-UeleIturiKasa\u00efKasa\u00ef centralKasa\u00ef orientalKongo-CentralKwangoKwiluLomamiLualabaMai-NdombeManiemaMongalaNord-KivuNord-UbangiSankuruSud-KivuSud-UbangiTanganyikaTshopoTshuapaKinshasa AFFICHER","og_url":"https:\/\/caid.cd\/?page_id=12024","article_modified_time":"2024-03-16T00:47:49+00:00","twitter_card":"summary_large_image","twitter_misc":{"Dur\u00e9e de lecture estim\u00e9e":"1 minute"},"schema":{"@context":"https:\/\/schema.org","@graph":[{"@type":"WebPage","@id":"https:\/\/caid.cd\/?page_id=12024","url":"https:\/\/caid.cd\/?page_id=12024","name":"HAUT-LOMAMI -","isPartOf":{"@id":"https:\/\/caid.cd\/#website"},"datePublished":"2024-03-15T22:15:10+00:00","dateModified":"2024-03-16T00:47:49+00:00","breadcrumb":{"@id":"https:\/\/caid.cd\/?page_id=12024#breadcrumb"},"inLanguage":"fr-FR","potentialAction":[{"@type":"ReadAction","target":["https:\/\/caid.cd\/?page_id=12024"]}]},{"@type":"BreadcrumbList","@id":"https:\/\/caid.cd\/?page_id=12024#breadcrumb","itemListElement":[{"@type":"ListItem","position":1,"name":"Accueil","item":"https:\/\/caid.cd\/"},{"@type":"ListItem","position":2,"name":"HAUT-LOMAMI"}]},{"@type":"WebSite","@id":"https:\/\/caid.cd\/#website","url":"https:\/\/caid.cd\/","name":"","description":"","potentialAction":[{"@type":"SearchAction","target":{"@type":"EntryPoint","urlTemplate":"https:\/\/caid.cd\/?s={search_term_string}"},"query-input":{"@type":"PropertyValueSpecification","valueRequired":true,"valueName":"search_term_string"}}],"inLanguage":"fr-FR"}]}},"_links":{"self":[{"href":"https:\/\/caid.cd\/index.php?rest_route=\/wp\/v2\/pages\/12024","targetHints":{"allow":["GET"]}}],"collection":[{"href":"https:\/\/caid.cd\/index.php?rest_route=\/wp\/v2\/pages"}],"about":[{"href":"https:\/\/caid.cd\/index.php?rest_route=\/wp\/v2\/types\/page"}],"author":[{"embeddable":true,"href":"https:\/\/caid.cd\/index.php?rest_route=\/wp\/v2\/users\/1"}],"replies":[{"embeddable":true,"href":"https:\/\/caid.cd\/index.php?rest_route=%2Fwp%2Fv2%2Fcomments&post=12024"}],"version-history":[{"count":3,"href":"https:\/\/caid.cd\/index.php?rest_route=\/wp\/v2\/pages\/12024\/revisions"}],"predecessor-version":[{"id":12150,"href":"https:\/\/caid.cd\/index.php?rest_route=\/wp\/v2\/pages\/12024\/revisions\/12150"}],"wp:attachment":[{"href":"https:\/\/caid.cd\/index.php?rest_route=%2Fwp%2Fv2%2Fmedia&parent=12024"}],"curies":[{"name":"wp","href":"https:\/\/api.w.org\/{rel}","templated":true}]}}